{"id":1130,"date":"2020-08-06T13:05:19","date_gmt":"2020-08-06T16:05:19","guid":{"rendered":"https:\/\/www.danus.cl\/wp\/product\/import-placeholder-for-3653\/"},"modified":"2026-04-28T05:35:11","modified_gmt":"2026-04-28T08:35:11","slug":"r1-at","status":"publish","type":"product","link":"https:\/\/www.danus.cl\/wp\/product\/r1-at\/","title":{"rendered":"R1 AT"},"content":{"rendered":"<p><a href=\"https:\/\/www.danus.cl\/wp\/wp-content\/uploads\/2020\/08\/r1-at.jpg\"><img loading=\"lazy\" class=\"alignnone size-medium wp-image-10883\" src=\"https:\/\/www.danus.cl\/wp\/wp-content\/uploads\/2020\/08\/r1-at-287x300.jpg\" alt=\"\" width=\"287\" height=\"300\" srcset=\"https:\/\/www.danus.cl\/wp\/wp-content\/uploads\/2020\/08\/r1-at-287x300.jpg 287w, https:\/\/www.danus.cl\/wp\/wp-content\/uploads\/2020\/08\/r1-at-115x120.jpg 115w, https:\/\/www.danus.cl\/wp\/wp-content\/uploads\/2020\/08\/r1-at.jpg 309w\" sizes=\"(max-width: 287px) 100vw, 287px\" \/><\/a><\/p>\n","protected":false},"excerpt":{"rendered":"<p><strong>Descripci\u00f3n:<\/strong> manguera para mediana presi\u00f3n.<\/p>\n<p><strong>Caracter\u00edsticas<\/strong><\/p>\n<p><strong>Rango de Temperatura:<\/strong> -40\u00b0 a + 100\u00b0C<\/p>\n<p><strong>Material:<\/strong> tubo de caucho sint\u00e9tico reforzado con una trenza de alambre y cubierta de caucho sint\u00e9tico.<\/p>\n<p><strong>Aplicaci\u00f3n:<\/strong> sistema hidr\u00e1ulico con petroleo y fluidos a base de agua-glicol, aceites, lubricantes, agua y servicios hidr\u00e1ulicos a mediana presi\u00f3n.<\/p>\n","protected":false},"featured_media":1160,"comment_status":"open","ping_status":"closed","template":"","meta":[],"_links":{"self":[{"href":"https:\/\/www.danus.cl\/wp\/wp-json\/wp\/v2\/product\/1130"}],"collection":[{"href":"https:\/\/www.danus.cl\/wp\/wp-json\/wp\/v2\/product"}],"about":[{"href":"https:\/\/www.danus.cl\/wp\/wp-json\/wp\/v2\/types\/product"}],"replies":[{"embeddable":true,"href":"https:\/\/www.danus.cl\/wp\/wp-json\/wp\/v2\/comments?post=1130"}],"wp:featuredmedia":[{"embeddable":true,"href":"https:\/\/www.danus.cl\/wp\/wp-json\/wp\/v2\/media\/1160"}],"wp:attachment":[{"href":"https:\/\/www.danus.cl\/wp\/wp-json\/wp\/v2\/media?parent=1130"}],"curies":[{"name":"wp","href":"https:\/\/api.w.org\/{rel}","templated":true}]}}