{"id":3569,"date":"2020-08-06T13:41:23","date_gmt":"2020-08-06T16:41:23","guid":{"rendered":"https:\/\/www.danus.cl\/wp\/product\/import-placeholder-for-6441\/"},"modified":"2020-09-22T19:04:15","modified_gmt":"2020-09-22T22:04:15","slug":"minivalvula-bola-bronce","status":"publish","type":"product","link":"https:\/\/www.danus.cl\/wp\/product\/minivalvula-bola-bronce\/","title":{"rendered":"Minivalvula Bola Bronce"},"content":{"rendered":"<p><a href=\"https:\/\/www.danus.cl\/wp\/wp-content\/uploads\/2020\/08\/minivalvula-nbola-bronce.jpg\"><img loading=\"lazy\" class=\"alignnone size-full wp-image-10851\" src=\"https:\/\/www.danus.cl\/wp\/wp-content\/uploads\/2020\/08\/minivalvula-nbola-bronce.jpg\" alt=\"\" width=\"175\" height=\"187\" srcset=\"https:\/\/www.danus.cl\/wp\/wp-content\/uploads\/2020\/08\/minivalvula-nbola-bronce.jpg 175w, https:\/\/www.danus.cl\/wp\/wp-content\/uploads\/2020\/08\/minivalvula-nbola-bronce-112x120.jpg 112w\" sizes=\"(max-width: 175px) 100vw, 175px\" \/><\/a><\/p>\n","protected":false},"excerpt":{"rendered":"<p><strong>Descripci\u00f3n:<\/strong>\u00a0v\u00e1lvula de esfera paso reducido con accionamiento manual<\/p>\n<p><strong>Material:<\/strong>\u00a0cuerpo de bronce cromado y bola de bronce revestida en cromo duro<\/p>\n<p><strong>Asiento:<\/strong>\u00a0tefl\u00f3n<\/p>\n<p><strong>Presi\u00f3n M\u00e1xima de Trabajo:<\/strong> 240 psi<\/p>\n<p><strong>Temperatura M\u00e1xima<\/strong>: 140\u00b0C<\/p>\n<p><strong>Conexi\u00f3n:<\/strong> BSPT interior<\/p>\n<p><strong>Aplicaci\u00f3n:<\/strong>\u00a0l\u00edneas de agua, aire, vapor, aceite, combustible, gas, productos qu\u00edmicos y alimenticios, donde el fluido no necesite regulaci\u00f3n<\/p>\n","protected":false},"featured_media":3599,"comment_status":"open","ping_status":"closed","template":"","meta":[],"_links":{"self":[{"href":"https:\/\/www.danus.cl\/wp\/wp-json\/wp\/v2\/product\/3569"}],"collection":[{"href":"https:\/\/www.danus.cl\/wp\/wp-json\/wp\/v2\/product"}],"about":[{"href":"https:\/\/www.danus.cl\/wp\/wp-json\/wp\/v2\/types\/product"}],"replies":[{"embeddable":true,"href":"https:\/\/www.danus.cl\/wp\/wp-json\/wp\/v2\/comments?post=3569"}],"wp:featuredmedia":[{"embeddable":true,"href":"https:\/\/www.danus.cl\/wp\/wp-json\/wp\/v2\/media\/3599"}],"wp:attachment":[{"href":"https:\/\/www.danus.cl\/wp\/wp-json\/wp\/v2\/media?parent=3569"}],"curies":[{"name":"wp","href":"https:\/\/api.w.org\/{rel}","templated":true}]}}