{"id":3570,"date":"2020-08-06T13:41:24","date_gmt":"2020-08-06T16:41:24","guid":{"rendered":"https:\/\/www.danus.cl\/wp\/product\/import-placeholder-for-6442\/"},"modified":"2025-06-05T21:22:30","modified_gmt":"2025-06-06T00:22:30","slug":"minivalvula-bola-acero-inox","status":"publish","type":"product","link":"https:\/\/www.danus.cl\/wp\/product\/minivalvula-bola-acero-inox\/","title":{"rendered":"Minivalvula Bola Acero Inoxidable"},"content":{"rendered":"<p><a href=\"https:\/\/www.danus.cl\/wp\/wp-content\/uploads\/2020\/08\/minivalvula-bola-acero.jpg\"><img loading=\"lazy\" class=\"alignnone size-full wp-image-10853\" src=\"https:\/\/www.danus.cl\/wp\/wp-content\/uploads\/2020\/08\/minivalvula-bola-acero.jpg\" alt=\"\" width=\"188\" height=\"186\" srcset=\"https:\/\/www.danus.cl\/wp\/wp-content\/uploads\/2020\/08\/minivalvula-bola-acero.jpg 188w, https:\/\/www.danus.cl\/wp\/wp-content\/uploads\/2020\/08\/minivalvula-bola-acero-120x120.jpg 120w\" sizes=\"(max-width: 188px) 100vw, 188px\" \/><\/a><\/p>\n","protected":false},"excerpt":{"rendered":"<p><strong>Descripci\u00f3n:<\/strong>v\u00e1lvula de esfera paso reducido con accionamiento manual<\/p>\n<p><strong>Material:<\/strong><span class=\"Apple-converted-space\">\u00a0<\/span>cuerpo y bola de acero inoxidable AISI 316<\/p>\n<p><strong>Asiento:<\/strong><span class=\"Apple-converted-space\">\u00a0<\/span>tefl\u00f3n<\/p>\n<p><strong>Presi\u00f3n M\u00e1xima de Trabajo:<\/strong> 1000 psi<\/p>\n<p><strong>Temperatura M\u00e1xima:<\/strong> 180\u00b0C<\/p>\n<p><strong>Conexi\u00f3n:<\/strong><span class=\"Apple-converted-space\">\u00a0<\/span>BSPT interior<\/p>\n<p><strong>Aplicaci\u00f3n:<\/strong><span class=\"Apple-converted-space\">\u00a0<\/span>l\u00edneas de agua, aire, vapor, aceite, combustible, gas, productos qu\u00edmicos y alimenticios, donde el fluido no necesite regulaci\u00f3n<\/p>\n","protected":false},"featured_media":3600,"comment_status":"open","ping_status":"closed","template":"","meta":[],"_links":{"self":[{"href":"https:\/\/www.danus.cl\/wp\/wp-json\/wp\/v2\/product\/3570"}],"collection":[{"href":"https:\/\/www.danus.cl\/wp\/wp-json\/wp\/v2\/product"}],"about":[{"href":"https:\/\/www.danus.cl\/wp\/wp-json\/wp\/v2\/types\/product"}],"replies":[{"embeddable":true,"href":"https:\/\/www.danus.cl\/wp\/wp-json\/wp\/v2\/comments?post=3570"}],"wp:featuredmedia":[{"embeddable":true,"href":"https:\/\/www.danus.cl\/wp\/wp-json\/wp\/v2\/media\/3600"}],"wp:attachment":[{"href":"https:\/\/www.danus.cl\/wp\/wp-json\/wp\/v2\/media?parent=3570"}],"curies":[{"name":"wp","href":"https:\/\/api.w.org\/{rel}","templated":true}]}}