{"id":6058,"date":"2020-08-13T20:21:23","date_gmt":"2020-08-13T23:21:23","guid":{"rendered":"https:\/\/www.danus.cl\/wp\/?post_type=product&#038;p=6058"},"modified":"2020-10-03T15:15:16","modified_gmt":"2020-10-03T18:15:16","slug":"manifold-electrovalvula-6-estaciones","status":"publish","type":"product","link":"https:\/\/www.danus.cl\/wp\/product\/manifold-electrovalvula-6-estaciones\/","title":{"rendered":"Manifold Electrovalvula 6 Estaciones"},"content":{"rendered":"<p><a href=\"https:\/\/www.danus.cl\/wp\/wp-content\/uploads\/2020\/08\/MFD6E.jpg\"><img loading=\"lazy\" class=\"alignnone size-medium wp-image-10786\" src=\"https:\/\/www.danus.cl\/wp\/wp-content\/uploads\/2020\/08\/MFD6E-300x114.jpg\" alt=\"\" width=\"300\" height=\"114\" srcset=\"https:\/\/www.danus.cl\/wp\/wp-content\/uploads\/2020\/08\/MFD6E-300x114.jpg 300w, https:\/\/www.danus.cl\/wp\/wp-content\/uploads\/2020\/08\/MFD6E-120x46.jpg 120w, https:\/\/www.danus.cl\/wp\/wp-content\/uploads\/2020\/08\/MFD6E.jpg 345w\" sizes=\"(max-width: 300px) 100vw, 300px\" \/><\/a><\/p>\n","protected":false},"excerpt":{"rendered":"<p>Descripci\u00f3n: conjunto de 6 unidades de v\u00e1lvulas electroneum\u00e1ticas 5\/2 con puerto serial y led<\/p>\n<p>Accionamiento: 24 V CC<\/p>\n<p>Material: cuerpo electrovalvulas y manifold de aluminio<\/p>\n<p>Temperatura M\u00e1xima de Trabajo: 60\u00b0C<\/p>\n<p>Conexi\u00f3n: NPT interior 1\/4<\/p>\n<p>Grado de Protecci\u00f3n: IP65<\/p>\n<p>Aplicaci\u00f3n: circuitos neum\u00e1ticos<\/p>\n<p>Presi\u00f3n Minima y Maxima de Trabajo: 60-150 psi<\/p>\n","protected":false},"featured_media":11437,"comment_status":"open","ping_status":"closed","template":"","meta":[],"_links":{"self":[{"href":"https:\/\/www.danus.cl\/wp\/wp-json\/wp\/v2\/product\/6058"}],"collection":[{"href":"https:\/\/www.danus.cl\/wp\/wp-json\/wp\/v2\/product"}],"about":[{"href":"https:\/\/www.danus.cl\/wp\/wp-json\/wp\/v2\/types\/product"}],"replies":[{"embeddable":true,"href":"https:\/\/www.danus.cl\/wp\/wp-json\/wp\/v2\/comments?post=6058"}],"wp:featuredmedia":[{"embeddable":true,"href":"https:\/\/www.danus.cl\/wp\/wp-json\/wp\/v2\/media\/11437"}],"wp:attachment":[{"href":"https:\/\/www.danus.cl\/wp\/wp-json\/wp\/v2\/media?parent=6058"}],"curies":[{"name":"wp","href":"https:\/\/api.w.org\/{rel}","templated":true}]}}