{"id":640,"date":"2020-08-06T13:01:41","date_gmt":"2020-08-06T16:01:41","guid":{"rendered":"https:\/\/www.danus.cl\/wp\/product\/import-placeholder-for-3233\/"},"modified":"2020-10-14T14:56:36","modified_gmt":"2020-10-14T17:56:36","slug":"camlock-tipo-a","status":"publish","type":"product","link":"https:\/\/www.danus.cl\/wp\/product\/camlock-tipo-a\/","title":{"rendered":"Tipo A Camlock"},"content":{"rendered":"<p><a href=\"https:\/\/www.danus.cl\/wp\/wp-content\/uploads\/2020\/08\/tipo-a.jpg\"><img loading=\"lazy\" class=\"alignnone size-medium wp-image-11283\" src=\"https:\/\/www.danus.cl\/wp\/wp-content\/uploads\/2020\/08\/tipo-a-235x300.jpg\" alt=\"\" width=\"235\" height=\"300\" srcset=\"https:\/\/www.danus.cl\/wp\/wp-content\/uploads\/2020\/08\/tipo-a-235x300.jpg 235w, https:\/\/www.danus.cl\/wp\/wp-content\/uploads\/2020\/08\/tipo-a-94x120.jpg 94w, https:\/\/www.danus.cl\/wp\/wp-content\/uploads\/2020\/08\/tipo-a.jpg 344w\" sizes=\"(max-width: 235px) 100vw, 235px\" \/><\/a><\/p>\n","protected":false},"excerpt":{"rendered":"<p><strong>Material:<\/strong> aluminio o acero inoxidable 316<\/p>\n<p><strong>M\u00e1xima Presi\u00f3n de Trabajo:<\/strong> hasta 250 psi seg\u00fan medida<\/p>\n<p><strong> Descripci\u00f3n:<\/strong> acoples r\u00e1pidos con sistema de palanca y sello de NBR<\/p>\n<p><strong>Aplicaci\u00f3n:<\/strong> succi\u00f3n o descarga de agua, combustibles, \u00e1cidos,aceites y productos qu\u00edmicos.<\/p>\n","protected":false},"featured_media":670,"comment_status":"open","ping_status":"closed","template":"","meta":[],"_links":{"self":[{"href":"https:\/\/www.danus.cl\/wp\/wp-json\/wp\/v2\/product\/640"}],"collection":[{"href":"https:\/\/www.danus.cl\/wp\/wp-json\/wp\/v2\/product"}],"about":[{"href":"https:\/\/www.danus.cl\/wp\/wp-json\/wp\/v2\/types\/product"}],"replies":[{"embeddable":true,"href":"https:\/\/www.danus.cl\/wp\/wp-json\/wp\/v2\/comments?post=640"}],"wp:featuredmedia":[{"embeddable":true,"href":"https:\/\/www.danus.cl\/wp\/wp-json\/wp\/v2\/media\/670"}],"wp:attachment":[{"href":"https:\/\/www.danus.cl\/wp\/wp-json\/wp\/v2\/media?parent=640"}],"curies":[{"name":"wp","href":"https:\/\/api.w.org\/{rel}","templated":true}]}}